{"id":39,"date":"2024-08-31T15:54:06","date_gmt":"2024-08-31T13:54:06","guid":{"rendered":"https:\/\/www.cabochecsc.fr\/?page_id=39"},"modified":"2024-08-31T15:54:06","modified_gmt":"2024-08-31T13:54:06","slug":"avis","status":"publish","type":"page","link":"https:\/\/www.cabochecsc.fr\/?page_id=39","title":{"rendered":"AVIS"},"content":{"rendered":"<pre class=\"ti-widget\" style=\"display: none\"><div class=\"ti-widget ti-goog ti-review-text-mode-readmore ti-text-align-left\" data-no-translation=\"true\" data-layout-id=\"33\" data-set-id=\"light-background\" data-pid=\"\" data-language=\"fr\" > <div class=\"ti-widget-container\"> <div class=\"ti-reviews-container\"> <div class=\"ti-reviews-container-wrapper\">  <div data-empty=\"0\" class=\"ti-review-item source-Google ti-image-layout-thumbnail\" data-id=\"cfcd208495d565ef66e7dff9f98764da\" > <div class=\"ti-inner\"> <div class=\"ti-review-header\"> <div class=\"ti-profile-img\"> <img decoding=\"async\" src=\"https:\/\/lh3.googleusercontent.com\/a-\/ALV-UjWOgcydJeg6g9CDbNMygVExLom_AALD02qQKhQuc0ze3FBzPoc=s120-c-rp-mo-br100\" loading=\"lazy\" alt=\"ASM YOUSS\" \/> <\/div> <div class=\"ti-profile-details\"> <div class=\"ti-name\"> ASM YOUSS <\/div> <div class=\"ti-date\">2024-08-31<\/div> <\/div> <\/div> <span class=\"ti-stars\"><span class=\"ti-star f\"><\/span><span class=\"ti-star f\"><\/span><span class=\"ti-star f\"><\/span><span class=\"ti-star f\"><\/span><span class=\"ti-star f\"><\/span><\/span> <div class=\"ti-review-content\"> <div class=\"ti-review-text-container ti-inner\"><!-- R-CONTENT -->Enfin un professionnels de confiance.\nMon entretien chaudi\u00e8re \u00e0 dur\u00e9 1h.\nPendant ce temps il a totalement nettoy\u00e9 ma chaudi\u00e8re comme il se doit ( surtout pas comme les autres) un VRAI entretien.\nIl a ouvert des parties des chaudi\u00e8res que personnes auparavant n'a ouvert.\nClairement je recommande fortement Mr Caboche pour ses explications, \u00e7a clart\u00e9  et la transparence dans son travail. Du tr\u00e8s bon boulot.\n\u00c0 pr\u00e9sent je passerai uniquement que par Mr Caboche. Merci beaucoup\n\n\u00c9videmment je recommande fortement cette entreprise les yeux ferm\u00e9s \u00e0 mes amis et mon entourages.<!-- R-CONTENT --><\/div> <span class=\"ti-read-more\" data-container=\".ti-review-content .ti-inner\" data-collapse-text=\"Cacher\" data-open-text=\"Lire la suite\" ><\/span> <\/div> <\/div> <\/div>  <div data-empty=\"0\" class=\"ti-review-item source-Google ti-image-layout-thumbnail\" data-id=\"cfcd208495d565ef66e7dff9f98764da\" > <div class=\"ti-inner\"> <div class=\"ti-review-header\"> <div class=\"ti-profile-img\"> <img decoding=\"async\" src=\"https:\/\/lh3.googleusercontent.com\/a\/ACg8ocIBjatvlyz_DpYPCjJnWG_rPqsdO0jIEqv-dP8UENSKoD0DHg=s120-c-rp-mo-br100\" loading=\"lazy\" alt=\"Corentin\" \/> <\/div> <div class=\"ti-profile-details\"> <div class=\"ti-name\"> Corentin <\/div> <div class=\"ti-date\">2024-08-31<\/div> <\/div> <\/div> <span class=\"ti-stars\"><span class=\"ti-star f\"><\/span><span class=\"ti-star f\"><\/span><span class=\"ti-star f\"><\/span><span class=\"ti-star f\"><\/span><span class=\"ti-star f\"><\/span><\/span> <div class=\"ti-review-content\"> <div class=\"ti-review-text-container ti-inner\"><!-- R-CONTENT -->Travaux effectu\u00e9s :\n-Entretien de la chaudi\u00e8re\n- Installation a neuf pour une salle de bain\n- Pose d'une colonne de douche et d'un s\u00e8che serviette\n\nUn artisan sympa, ponctuel et disponible qui fait du bon travail avec des tarifs correct\n\nClairement votre chaudi\u00e8re se portera bien mieux avec LUI plut\u00f4t qu'avec une grosse entreprise qui a pignon sur rue et qui b\u00e2cle l'entretien en 20 min<!-- R-CONTENT --><\/div> <span class=\"ti-read-more\" data-container=\".ti-review-content .ti-inner\" data-collapse-text=\"Cacher\" data-open-text=\"Lire la suite\" ><\/span> <\/div> <\/div> <\/div>  <div data-empty=\"0\" class=\"ti-review-item source-Google ti-image-layout-thumbnail\" data-id=\"cfcd208495d565ef66e7dff9f98764da\" > <div class=\"ti-inner\"> <div class=\"ti-review-header\"> <div class=\"ti-profile-img\"> <img decoding=\"async\" src=\"https:\/\/lh3.googleusercontent.com\/a-\/ALV-UjWSy8wtUlhukG2H9OwehfnH_tCtbnDZD2XavKd7c7eF5Nnac-uG=s120-c-rp-mo-br100\" loading=\"lazy\" alt=\"stephanie D.\" \/> <\/div> <div class=\"ti-profile-details\"> <div class=\"ti-name\"> stephanie D. <\/div> <div class=\"ti-date\">2024-08-30<\/div> <\/div> <\/div> <span class=\"ti-stars\"><span class=\"ti-star f\"><\/span><span class=\"ti-star f\"><\/span><span class=\"ti-star f\"><\/span><span class=\"ti-star f\"><\/span><span class=\"ti-star f\"><\/span><\/span> <div class=\"ti-review-content\"> <div class=\"ti-review-text-container ti-inner\"><!-- R-CONTENT -->Un artisan de qualit\u00e9, professionnel, disponible, avec plein d'humour. Personne a recommander !!!<!-- R-CONTENT --><\/div> <span class=\"ti-read-more\" data-container=\".ti-review-content .ti-inner\" data-collapse-text=\"Cacher\" data-open-text=\"Lire la suite\" ><\/span> <\/div> <\/div> <\/div>  <div data-empty=\"0\" class=\"ti-review-item source-Google ti-image-layout-thumbnail\" data-id=\"cfcd208495d565ef66e7dff9f98764da\" > <div class=\"ti-inner\"> <div class=\"ti-review-header\"> <div class=\"ti-profile-img\"> <img decoding=\"async\" src=\"https:\/\/lh3.googleusercontent.com\/a-\/ALV-UjV1uGT0ekrKrgcoVxMSZnPoZPmhBEvXAvcVa7Kf2ZZZVnNfGiE=s120-c-rp-mo-br100\" loading=\"lazy\" alt=\"sandy caboche\" \/> <\/div> <div class=\"ti-profile-details\"> <div class=\"ti-name\"> sandy caboche <\/div> <div class=\"ti-date\">2024-08-29<\/div> <\/div> <\/div> <span class=\"ti-stars\"><span class=\"ti-star f\"><\/span><span class=\"ti-star f\"><\/span><span class=\"ti-star f\"><\/span><span class=\"ti-star f\"><\/span><span class=\"ti-star f\"><\/span><\/span> <div class=\"ti-review-content\"> <div class=\"ti-review-text-container ti-inner\"><!-- R-CONTENT -->intervention rapide efficace avec le changement des pi\u00e8ces n\u00e9cessaires pour un fonctionnement optimal\npersonne agr\u00e9able \u00e0 l \u00e9coute\nje recommande sans h\u00e9sitation<!-- R-CONTENT --><\/div> <span class=\"ti-read-more\" data-container=\".ti-review-content .ti-inner\" data-collapse-text=\"Cacher\" data-open-text=\"Lire la suite\" ><\/span> <\/div> <\/div> <\/div>  <div data-empty=\"0\" class=\"ti-review-item source-Google ti-image-layout-thumbnail\" data-id=\"cfcd208495d565ef66e7dff9f98764da\" > <div class=\"ti-inner\"> <div class=\"ti-review-header\"> <div class=\"ti-profile-img\"> <img decoding=\"async\" src=\"https:\/\/lh3.googleusercontent.com\/a\/ACg8ocK455zldM8G-6En5A2dyL4bP1YMeKp24cnfg9oxtThzvv0srg=s120-c-rp-mo-ba3-br100\" loading=\"lazy\" alt=\"Sandra Langlet\" \/> <\/div> <div class=\"ti-profile-details\"> <div class=\"ti-name\"> Sandra Langlet <\/div> <div class=\"ti-date\">2024-08-29<\/div> <\/div> <\/div> <span class=\"ti-stars\"><span class=\"ti-star f\"><\/span><span class=\"ti-star f\"><\/span><span class=\"ti-star f\"><\/span><span class=\"ti-star f\"><\/span><span class=\"ti-star f\"><\/span><\/span> <div class=\"ti-review-content\"> <div class=\"ti-review-text-container ti-inner\"><!-- R-CONTENT -->Je recommande Caboche Chauffage qualit\u00e9 \/ prix \/ professionnalisme<!-- R-CONTENT --><\/div> <span class=\"ti-read-more\" data-container=\".ti-review-content .ti-inner\" data-collapse-text=\"Cacher\" data-open-text=\"Lire la suite\" ><\/span> <\/div> <\/div> <\/div>  <div data-empty=\"0\" class=\"ti-review-item source-Google ti-image-layout-thumbnail\" data-id=\"cfcd208495d565ef66e7dff9f98764da\" > <div class=\"ti-inner\"> <div class=\"ti-review-header\"> <div class=\"ti-profile-img\"> <img decoding=\"async\" src=\"https:\/\/lh3.googleusercontent.com\/a\/ACg8ocJ0UE92yEosIsE67KtL6gKYvcvm25SUXXYOtrklnyJ9Gpomow=s120-c-rp-mo-br100\" loading=\"lazy\" alt=\"Sophie Duhoux\" \/> <\/div> <div class=\"ti-profile-details\"> <div class=\"ti-name\"> Sophie Duhoux <\/div> <div class=\"ti-date\">2024-08-29<\/div> <\/div> <\/div> <span class=\"ti-stars\"><span class=\"ti-star f\"><\/span><span class=\"ti-star f\"><\/span><span class=\"ti-star f\"><\/span><span class=\"ti-star f\"><\/span><span class=\"ti-star f\"><\/span><\/span> <div class=\"ti-review-content\"> <div class=\"ti-review-text-container ti-inner\"><!-- R-CONTENT -->Je recommande Fabrice les yeux ferm\u00e9s, disponible et efficace, travail propre et soign\u00e9. Grosse exp\u00e9rience dans son domaine Il sait trouver une solution \u00e0 chaque probl\u00e8me. Et surtout agr\u00e9able et souriant \ud83d\ude03<!-- R-CONTENT --><\/div> <span class=\"ti-read-more\" data-container=\".ti-review-content .ti-inner\" data-collapse-text=\"Cacher\" data-open-text=\"Lire la suite\" ><\/span> <\/div> <\/div> <\/div>  <div data-empty=\"0\" class=\"ti-review-item source-Google ti-image-layout-thumbnail\" data-id=\"cfcd208495d565ef66e7dff9f98764da\" > <div class=\"ti-inner\"> <div class=\"ti-review-header\"> <div class=\"ti-profile-img\"> <img decoding=\"async\" src=\"https:\/\/lh3.googleusercontent.com\/a\/ACg8ocKoQ8hxk81aH6Q77S6kpsLi-wsnrReX9DSgOC9mGZIWcXLY3w=s120-c-rp-mo-br100\" loading=\"lazy\" alt=\"Amandine Naudin\" \/> <\/div> <div class=\"ti-profile-details\"> <div class=\"ti-name\"> Amandine Naudin <\/div> <div class=\"ti-date\">2024-08-29<\/div> <\/div> <\/div> <span class=\"ti-stars\"><span class=\"ti-star f\"><\/span><span class=\"ti-star f\"><\/span><span class=\"ti-star f\"><\/span><span class=\"ti-star f\"><\/span><span class=\"ti-star f\"><\/span><\/span> <div class=\"ti-review-content\"> <div class=\"ti-review-text-container ti-inner\"><!-- R-CONTENT -->Personne tr\u00e8s professionnel. Travail irr\u00e9prochable et propre. Fabrice est quelqu'un avec une conscience professionnelle . Les d\u00e9lais d' attente sont plus que raisonnable. Je le recommande m\u00eame \u00e0 mes proches.<!-- R-CONTENT --><\/div> <span class=\"ti-read-more\" data-container=\".ti-review-content .ti-inner\" data-collapse-text=\"Cacher\" data-open-text=\"Lire la suite\" ><\/span> <\/div> <\/div> <\/div>  <div data-empty=\"0\" class=\"ti-review-item source-Google ti-image-layout-thumbnail\" data-id=\"cfcd208495d565ef66e7dff9f98764da\" > <div class=\"ti-inner\"> <div class=\"ti-review-header\"> <div class=\"ti-profile-img\"> <img decoding=\"async\" src=\"https:\/\/lh3.googleusercontent.com\/a\/ACg8ocK8exF0bgp9UlM0pDh2LthC63dQIeWaFjuq9xd8kPEoct4jWQ=s120-c-rp-mo-br100\" loading=\"lazy\" alt=\"Michele Montjoie\" \/> <\/div> <div class=\"ti-profile-details\"> <div class=\"ti-name\"> Michele Montjoie <\/div> <div class=\"ti-date\">2024-08-29<\/div> <\/div> <\/div> <span class=\"ti-stars\"><span class=\"ti-star f\"><\/span><span class=\"ti-star f\"><\/span><span class=\"ti-star f\"><\/span><span class=\"ti-star f\"><\/span><span class=\"ti-star f\"><\/span><\/span> <div class=\"ti-review-content\"> <div class=\"ti-review-text-container ti-inner\"><!-- R-CONTENT -->Tr\u00e8s bon chauffagiste, bon travail, rapide, efficace \"je vous le recommande vivement tr\u00e8s contente de Mr Caboche.<!-- R-CONTENT --><\/div> <span class=\"ti-read-more\" data-container=\".ti-review-content .ti-inner\" data-collapse-text=\"Cacher\" data-open-text=\"Lire la suite\" ><\/span> <\/div> <\/div> <\/div>  <div data-empty=\"0\" class=\"ti-review-item source-Google ti-image-layout-thumbnail\" data-id=\"cfcd208495d565ef66e7dff9f98764da\" > <div class=\"ti-inner\"> <div class=\"ti-review-header\"> <div class=\"ti-profile-img\"> <img decoding=\"async\" src=\"https:\/\/lh3.googleusercontent.com\/a-\/ALV-UjU5WlMlbx3s4N_Yb6VkmzLJNQQiFMVozce7CIUOR2Ys4s4YktOv=s120-c-rp-mo-ba4-br100\" loading=\"lazy\" alt=\"Matthieu Delhalle\" \/> <\/div> <div class=\"ti-profile-details\"> <div class=\"ti-name\"> Matthieu Delhalle <\/div> <div class=\"ti-date\">2024-08-29<\/div> <\/div> <\/div> <span class=\"ti-stars\"><span class=\"ti-star f\"><\/span><span class=\"ti-star f\"><\/span><span class=\"ti-star f\"><\/span><span class=\"ti-star f\"><\/span><span class=\"ti-star f\"><\/span><\/span> <div class=\"ti-review-content\"> <div class=\"ti-review-text-container ti-inner\"><!-- R-CONTENT -->Monsieur Caboche est un professionnel de grande qualit\u00e9 travaillant avec conscience. Je le recommande sans h\u00e9siter. C'est le plombier chauffagiste qu'il vous faut.<!-- R-CONTENT --><\/div> <span class=\"ti-read-more\" data-container=\".ti-review-content .ti-inner\" data-collapse-text=\"Cacher\" data-open-text=\"Lire la suite\" ><\/span> <\/div> <\/div> <\/div>  <\/div> <div class=\"ti-load-more-reviews-container\"> <div class=\"ti-load-more-reviews-button\" style=\"display: none\">Charger plus<\/div> <\/div> <\/div>  <\/div> <\/div> <\/pre>\n","protected":false},"excerpt":{"rendered":"","protected":false},"author":1,"featured_media":0,"parent":0,"menu_order":0,"comment_status":"closed","ping_status":"closed","template":"","meta":{"footnotes":""},"class_list":["post-39","page","type-page","status-publish","hentry"],"_links":{"self":[{"href":"https:\/\/www.cabochecsc.fr\/index.php?rest_route=\/wp\/v2\/pages\/39","targetHints":{"allow":["GET"]}}],"collection":[{"href":"https:\/\/www.cabochecsc.fr\/index.php?rest_route=\/wp\/v2\/pages"}],"about":[{"href":"https:\/\/www.cabochecsc.fr\/index.php?rest_route=\/wp\/v2\/types\/page"}],"author":[{"embeddable":true,"href":"https:\/\/www.cabochecsc.fr\/index.php?rest_route=\/wp\/v2\/users\/1"}],"replies":[{"embeddable":true,"href":"https:\/\/www.cabochecsc.fr\/index.php?rest_route=%2Fwp%2Fv2%2Fcomments&post=39"}],"version-history":[{"count":1,"href":"https:\/\/www.cabochecsc.fr\/index.php?rest_route=\/wp\/v2\/pages\/39\/revisions"}],"predecessor-version":[{"id":40,"href":"https:\/\/www.cabochecsc.fr\/index.php?rest_route=\/wp\/v2\/pages\/39\/revisions\/40"}],"wp:attachment":[{"href":"https:\/\/www.cabochecsc.fr\/index.php?rest_route=%2Fwp%2Fv2%2Fmedia&parent=39"}],"curies":[{"name":"wp","href":"https:\/\/api.w.org\/{rel}","templated":true}]}}